{"id":267,"date":"2025-09-12T19:22:38","date_gmt":"2025-09-12T19:22:38","guid":{"rendered":"https:\/\/www.cumhurmachine.com\/?post_type=product&#038;p=267"},"modified":"2025-09-12T19:30:23","modified_gmt":"2025-09-12T19:30:23","slug":"2-el-tekstil-makinalari","status":"publish","type":"product","link":"https:\/\/www.cumhurmachine.com\/index.php\/urun\/2-el-tekstil-makinalari\/","title":{"rendered":"2.El \u00d6rme Makinalar\u0131"},"content":{"rendered":"<p>Bak\u0131ml\u0131 ve uygun fiyatl\u0131 2. el tekstil makineleri ile \u00fcretiminizi ekonomik \u015fekilde g\u00fc\u00e7lendirin.<\/p>\n","protected":false},"excerpt":{"rendered":"<p>Bak\u0131ml\u0131 ve uygun fiyatl\u0131 2. el tekstil makineleri ile \u00fcretiminizi ekonomik \u015fekilde g\u00fc\u00e7lendirin.<\/p>\n","protected":false},"featured_media":257,"comment_status":"open","ping_status":"closed","template":"","meta":[],"product_brand":[],"product_cat":[121,122],"product_tag":[],"class_list":{"0":"post-267","1":"product","2":"type-product","3":"status-publish","4":"has-post-thumbnail","6":"product_cat-boyahane-makinalari","7":"product_cat-iplik-makinalari","9":"first","10":"instock","11":"shipping-taxable","12":"product-type-simple"},"jetpack_sharing_enabled":true,"_links":{"self":[{"href":"https:\/\/www.cumhurmachine.com\/index.php\/wp-json\/wp\/v2\/product\/267","targetHints":{"allow":["GET"]}}],"collection":[{"href":"https:\/\/www.cumhurmachine.com\/index.php\/wp-json\/wp\/v2\/product"}],"about":[{"href":"https:\/\/www.cumhurmachine.com\/index.php\/wp-json\/wp\/v2\/types\/product"}],"replies":[{"embeddable":true,"href":"https:\/\/www.cumhurmachine.com\/index.php\/wp-json\/wp\/v2\/comments?post=267"}],"wp:featuredmedia":[{"embeddable":true,"href":"https:\/\/www.cumhurmachine.com\/index.php\/wp-json\/wp\/v2\/media\/257"}],"wp:attachment":[{"href":"https:\/\/www.cumhurmachine.com\/index.php\/wp-json\/wp\/v2\/media?parent=267"}],"wp:term":[{"taxonomy":"product_brand","embeddable":true,"href":"https:\/\/www.cumhurmachine.com\/index.php\/wp-json\/wp\/v2\/product_brand?post=267"},{"taxonomy":"product_cat","embeddable":true,"href":"https:\/\/www.cumhurmachine.com\/index.php\/wp-json\/wp\/v2\/product_cat?post=267"},{"taxonomy":"product_tag","embeddable":true,"href":"https:\/\/www.cumhurmachine.com\/index.php\/wp-json\/wp\/v2\/product_tag?post=267"}],"curies":[{"name":"wp","href":"https:\/\/api.w.org\/{rel}","templated":true}]}}