{"id":397,"date":"2025-09-12T21:26:27","date_gmt":"2025-09-12T21:26:27","guid":{"rendered":"https:\/\/www.cumhurmachine.com\/?page_id=397"},"modified":"2025-09-12T21:26:27","modified_gmt":"2025-09-12T21:26:27","slug":"hakkimizda","status":"publish","type":"page","link":"https:\/\/www.cumhurmachine.com\/index.php\/hakkimizda\/","title":{"rendered":"Hakk\u0131m\u0131zda"},"content":{"rendered":"\n<p>Cumhur Machine, ikinci el ve yeni tekstil makinelerinde T\u00fcrkiye ve M\u0131s\u0131r pazar\u0131na g\u00fcvenilir \u00e7\u00f6z\u00fcmler sunan \u00f6nc\u00fc bir firmad\u0131r. \u0130\u015fletmelerin \u00fcretim verimlili\u011fini art\u0131rmak ve maliyetlerini optimize etmek i\u00e7in titizlikle se\u00e7ilmi\u015f, bak\u0131ml\u0131 makineler sa\u011fl\u0131yoruz.<\/p>\n\n\n\n<p>Uluslararas\u0131 deneyimimiz sayesinde makinelerin temininden lojisti\u011fe kadar her ad\u0131m\u0131 sorunsuz y\u00f6netiyor, m\u00fc\u015fterilerimize h\u0131zl\u0131 ve profesyonel hizmet sunuyoruz. Cumhur Machine olarak, hem yerel hem de global pazarda i\u015f ortaklar\u0131n\u0131z\u0131n yan\u0131nda g\u00fcvenilir bir \u00e7\u00f6z\u00fcm orta\u011f\u0131y\u0131z.<\/p>\n","protected":false},"excerpt":{"rendered":"<p>Cumhur Machine, ikinci el ve yeni tekstil makinelerinde T\u00fcrkiye ve M\u0131s\u0131r pazar\u0131na g\u00fcvenilir \u00e7\u00f6z\u00fcmler sunan \u00f6nc\u00fc bir firmad\u0131r. \u0130\u015fletmelerin \u00fcretim verimlili\u011fini art\u0131rmak ve maliyetlerini optimize etmek i\u00e7in titizlikle se\u00e7ilmi\u015f, bak\u0131ml\u0131 makineler sa\u011fl\u0131yoruz. Uluslararas\u0131 deneyimimiz sayesinde makinelerin temininden lojisti\u011fe kadar her ad\u0131m\u0131 sorunsuz y\u00f6netiyor, m\u00fc\u015fterilerimize h\u0131zl\u0131 ve profesyonel hizmet sunuyoruz. Cumhur Machine olarak, hem yerel hem [&hellip;]<\/p>\n","protected":false},"author":1,"featured_media":0,"parent":0,"menu_order":0,"comment_status":"closed","ping_status":"closed","template":"","meta":{"footnotes":""},"class_list":["post-397","page","type-page","status-publish","hentry"],"jetpack_sharing_enabled":true,"_links":{"self":[{"href":"https:\/\/www.cumhurmachine.com\/index.php\/wp-json\/wp\/v2\/pages\/397","targetHints":{"allow":["GET"]}}],"collection":[{"href":"https:\/\/www.cumhurmachine.com\/index.php\/wp-json\/wp\/v2\/pages"}],"about":[{"href":"https:\/\/www.cumhurmachine.com\/index.php\/wp-json\/wp\/v2\/types\/page"}],"author":[{"embeddable":true,"href":"https:\/\/www.cumhurmachine.com\/index.php\/wp-json\/wp\/v2\/users\/1"}],"replies":[{"embeddable":true,"href":"https:\/\/www.cumhurmachine.com\/index.php\/wp-json\/wp\/v2\/comments?post=397"}],"version-history":[{"count":1,"href":"https:\/\/www.cumhurmachine.com\/index.php\/wp-json\/wp\/v2\/pages\/397\/revisions"}],"predecessor-version":[{"id":398,"href":"https:\/\/www.cumhurmachine.com\/index.php\/wp-json\/wp\/v2\/pages\/397\/revisions\/398"}],"wp:attachment":[{"href":"https:\/\/www.cumhurmachine.com\/index.php\/wp-json\/wp\/v2\/media?parent=397"}],"curies":[{"name":"wp","href":"https:\/\/api.w.org\/{rel}","templated":true}]}}